{"id":708,"date":"2019-10-08T11:14:43","date_gmt":"2019-10-08T11:14:43","guid":{"rendered":"https:\/\/www.cosmosislaser.com.tr\/hakkimizda\/"},"modified":"2023-11-30T12:50:49","modified_gmt":"2023-11-30T12:50:49","slug":"hakkimizda","status":"publish","type":"page","link":"https:\/\/www.cosmosislaser.com.tr\/tr\/hakkimizda\/","title":{"rendered":"Hakk\u0131m\u0131zda"},"content":{"rendered":"\t\t<div data-elementor-type=\"wp-page\" data-elementor-id=\"708\" class=\"elementor elementor-708\" data-elementor-post-type=\"page\">\n\t\t\t\t\t\t<section class=\"elementor-section elementor-top-section elementor-element elementor-element-6e879d8 elementor-section-content-middle elementor-section-boxed elementor-section-height-default elementor-section-height-default sc_fly_static\" data-id=\"6e879d8\" data-element_type=\"section\">\n\t\t\t\t\t\t<div class=\"elementor-container elementor-column-gap-extended\">\n\t\t\t\t\t<div class=\"elementor-column elementor-col-50 elementor-top-column elementor-element elementor-element-ebd1060 sc_inner_width_none sc_content_align_inherit sc_layouts_column_icons_position_left sc_fly_static\" data-id=\"ebd1060\" data-element_type=\"column\">\n\t\t\t<div class=\"elementor-widget-wrap elementor-element-populated\">\n\t\t\t\t\t\t<div class=\"elementor-element elementor-element-c3b10ca sc_fly_static elementor-widget elementor-widget-image\" data-id=\"c3b10ca\" data-element_type=\"widget\" data-widget_type=\"image.default\">\n\t\t\t\t<div class=\"elementor-widget-container\">\n\t\t\t\t\t\t\t\t\t\t\t\t\t<img fetchpriority=\"high\" decoding=\"async\" width=\"615\" height=\"576\" src=\"https:\/\/www.cosmosislaser.com.tr\/wp-content\/uploads\/2023\/09\/about_us-2.png\" class=\"attachment-large size-large wp-image-547\" alt=\"\" srcset=\"https:\/\/www.cosmosislaser.com.tr\/wp-content\/uploads\/2023\/09\/about_us-2.png 615w, https:\/\/www.cosmosislaser.com.tr\/wp-content\/uploads\/2023\/09\/about_us-2-300x281.png 300w, https:\/\/www.cosmosislaser.com.tr\/wp-content\/uploads\/2023\/09\/about_us-2-370x347.png 370w, https:\/\/www.cosmosislaser.com.tr\/wp-content\/uploads\/2023\/09\/about_us-2-425x398.png 425w, https:\/\/www.cosmosislaser.com.tr\/wp-content\/uploads\/2023\/09\/about_us-2-350x328.png 350w, https:\/\/www.cosmosislaser.com.tr\/wp-content\/uploads\/2023\/09\/about_us-2-500x468.png 500w\" sizes=\"(max-width: 767px) 100vw, 615px\" \/>\t\t\t\t\t\t\t\t\t\t\t\t\t<\/div>\n\t\t\t\t<\/div>\n\t\t\t\t\t<\/div>\n\t\t<\/div>\n\t\t\t\t<div class=\"elementor-column elementor-col-50 elementor-top-column elementor-element elementor-element-8fd6acd sc_inner_width_none sc_content_align_inherit sc_layouts_column_icons_position_left sc_fly_static\" data-id=\"8fd6acd\" data-element_type=\"column\">\n\t\t\t<div class=\"elementor-widget-wrap elementor-element-populated\">\n\t\t\t\t\t\t<div class=\"elementor-element elementor-element-ef36d8f sc_fly_static elementor-widget elementor-widget-text-editor\" data-id=\"ef36d8f\" data-element_type=\"widget\" data-widget_type=\"text-editor.default\">\n\t\t\t\t<div class=\"elementor-widget-container\">\n\t\t\t\t\t\t\t<p>De\u011ferli \u00c7\u00f6z\u00fcm ortaklar\u0131m\u0131z,<\/p><p>\u0130la\u00e7 sekt\u00f6r\u00fcnde Roche \u0130la\u00e7&#8217;ta ba\u015flay\u0131p sekt\u00f6re y\u00f6n veren firmalarda devam eden pazarlama ve sat\u0131\u015f kariyerimi Kas\u0131m 2001 itibariyle Ekim 2021&#8217;de sonland\u0131rmaya karar verdim. Kendi i\u015fimi kurman\u0131n zaman\u0131n\u0131n geldi\u011fini d\u00fc\u015f\u00fcnd\u00fcm. Sekt\u00f6rde olursak olal\u0131m vazge\u00e7ilmez oldu\u011funu d\u00fc\u015f\u00fcnd\u00fc\u011f\u00fcm etik kazan\u0131mlar\u0131 CLT Medikal ve Kozmetik LTD.&#8217;nin ilk hedefi ve vazge\u00e7ilmezi olarak belirledim.<\/p>\t\t\t\t\t\t<\/div>\n\t\t\t\t<\/div>\n\t\t\t\t\t<\/div>\n\t\t<\/div>\n\t\t\t\t\t<\/div>\n\t\t<\/section>\n\t\t\t\t<section class=\"elementor-section elementor-top-section elementor-element elementor-element-5bd72b5 elementor-section-stretched elementor-section-full_width elementor-section-height-default elementor-section-height-default sc_fly_static\" data-id=\"5bd72b5\" data-element_type=\"section\" data-settings=\"{&quot;stretch_section&quot;:&quot;section-stretched&quot;,&quot;background_background&quot;:&quot;classic&quot;}\">\n\t\t\t\t\t\t<div class=\"elementor-container elementor-column-gap-extended\">\n\t\t\t\t\t<div class=\"elementor-column elementor-col-25 elementor-top-column elementor-element elementor-element-edf89d3 sc_layouts_hide_on_tablet sc_layouts_hide_on_mobile sc_inner_width_none sc_content_align_inherit sc_layouts_column_icons_position_left sc_fly_static\" data-id=\"edf89d3\" data-element_type=\"column\">\n\t\t\t<div class=\"elementor-widget-wrap\">\n\t\t\t\t\t\t\t<\/div>\n\t\t<\/div>\n\t\t\t\t<div class=\"elementor-column elementor-col-25 elementor-top-column elementor-element elementor-element-ea16a2b scheme_dark animated-slow sc_inner_width_none sc_content_align_inherit sc_layouts_column_icons_position_left animation_type_block sc_fly_static elementor-invisible\" data-id=\"ea16a2b\" data-element_type=\"column\" data-settings=\"{&quot;animation&quot;:&quot;fadeIn&quot;}\">\n\t\t\t<div class=\"elementor-widget-wrap elementor-element-populated\">\n\t\t\t\t\t\t<div class=\"elementor-element elementor-element-132a642 sc_fly_static elementor-widget elementor-widget-spacer\" data-id=\"132a642\" data-element_type=\"widget\" data-widget_type=\"spacer.default\">\n\t\t\t\t<div class=\"elementor-widget-container\">\n\t\t\t\t\t<div class=\"elementor-spacer\">\n\t\t\t<div class=\"elementor-spacer-inner\"><\/div>\n\t\t<\/div>\n\t\t\t\t<\/div>\n\t\t\t\t<\/div>\n\t\t\t\t<div class=\"elementor-element elementor-element-4923fe8 animation_type_block sc_fly_static elementor-invisible elementor-widget elementor-widget-heading\" data-id=\"4923fe8\" data-element_type=\"widget\" data-settings=\"{&quot;_animation&quot;:&quot;fadeIn&quot;,&quot;_animation_delay&quot;:300}\" data-widget_type=\"heading.default\">\n\t\t\t\t<div class=\"elementor-widget-container\">\n\t\t\t<h6 class=\"elementor-heading-title elementor-size-default\">Vizyonumuz<\/h6>\t\t<\/div>\n\t\t\t\t<\/div>\n\t\t\t\t<div class=\"elementor-element elementor-element-53a8129 sc_fly_static elementor-widget elementor-widget-text-editor\" data-id=\"53a8129\" data-element_type=\"widget\" data-widget_type=\"text-editor.default\">\n\t\t\t\t<div class=\"elementor-widget-container\">\n\t\t\t\t\t\t\t<p>Cosmosis Lazer Teknolojileri olarak yurt i\u00e7i ve yurt d\u0131\u015f\u0131 pazardaki \u00e7\u00f6z\u00fcm ortaklar\u0131m\u0131z\u0131n, m\u00fc\u015fterilerine kaliteli hizmet sunarak memnuniyetlerini artt\u0131rmalar\u0131na yard\u0131mc\u0131 olmak ve y\u00fcksek kalite standartlar\u0131na sahip, etkin ve g\u00fcvenilir, do\u011fru \u00fcreticinin cihazlar\u0131n\u0131 se\u00e7erek i\u015flerini karl\u0131 hale getirmelerine yard\u0131mc\u0131 olmakt\u0131r. uzun s\u00fcreli kullan\u0131mda en az sorunla \u00e7al\u0131\u015facakt\u0131r.<\/p>\t\t\t\t\t\t<\/div>\n\t\t\t\t<\/div>\n\t\t\t\t<div class=\"elementor-element elementor-element-ef62268 elementor-widget-divider--view-line sc_fly_static elementor-widget elementor-widget-divider\" data-id=\"ef62268\" data-element_type=\"widget\" data-widget_type=\"divider.default\">\n\t\t\t\t<div class=\"elementor-widget-container\">\n\t\t\t\t\t<div class=\"elementor-divider\">\n\t\t\t<span class=\"elementor-divider-separator\">\n\t\t\t\t\t\t<\/span>\n\t\t<\/div>\n\t\t\t\t<\/div>\n\t\t\t\t<\/div>\n\t\t\t\t<div class=\"elementor-element elementor-element-2034196 animation_type_block sc_fly_static elementor-invisible elementor-widget elementor-widget-heading\" data-id=\"2034196\" data-element_type=\"widget\" data-settings=\"{&quot;_animation&quot;:&quot;fadeIn&quot;,&quot;_animation_delay&quot;:300}\" data-widget_type=\"heading.default\">\n\t\t\t\t<div class=\"elementor-widget-container\">\n\t\t\t<h6 class=\"elementor-heading-title elementor-size-default\">Misyonumuz<\/h6>\t\t<\/div>\n\t\t\t\t<\/div>\n\t\t\t\t<div class=\"elementor-element elementor-element-36bce36 sc_fly_static elementor-widget elementor-widget-text-editor\" data-id=\"36bce36\" data-element_type=\"widget\" data-widget_type=\"text-editor.default\">\n\t\t\t\t<div class=\"elementor-widget-container\">\n\t\t\t\t\t\t\t<div class=\"sc_layouts_item elementor-element elementor-element-521326a sc_fly_static elementor-widget elementor-widget-text-editor trx_addons_parallax_layers_inited trx_addons_parallax_blocks_inited\" data-id=\"521326a\" data-element_type=\"widget\" data-widget_type=\"text-editor.default\"><div class=\"elementor-widget-container\"><div class=\"elementor-text-editor elementor-clearfix\"><p>Bu cihazlar\u0131 etkin ve insan sa\u011fl\u0131\u011f\u0131na zarar vermeden kullanacak operat\u00f6rlere s\u00fcrekli e\u011fitim ve teknik destek sa\u011flayarak daha sa\u011fl\u0131kl\u0131 bir g\u00fczellik ve bak\u0131m sekt\u00f6r\u00fcn\u00fcn olu\u015fmas\u0131na yard\u0131mc\u0131 olmak, Cosmosis Lazer Teknolojileri ise kullan\u0131\u015fl\u0131, uzun \u00f6m\u00fcrl\u00fc ve verimli cihazlar\u0131 sekt\u00f6re kazand\u0131rmaktad\u0131r.<\/p><\/div><\/div><\/div>\t\t\t\t\t\t<\/div>\n\t\t\t\t<\/div>\n\t\t\t\t<div class=\"elementor-element elementor-element-4b7444b sc_fly_static elementor-widget elementor-widget-spacer\" data-id=\"4b7444b\" data-element_type=\"widget\" data-widget_type=\"spacer.default\">\n\t\t\t\t<div class=\"elementor-widget-container\">\n\t\t\t\t\t<div class=\"elementor-spacer\">\n\t\t\t<div class=\"elementor-spacer-inner\"><\/div>\n\t\t<\/div>\n\t\t\t\t<\/div>\n\t\t\t\t<\/div>\n\t\t\t\t<div class=\"elementor-element elementor-element-0164bb7 sc_fly_static elementor-widget elementor-widget-spacer\" data-id=\"0164bb7\" data-element_type=\"widget\" data-widget_type=\"spacer.default\">\n\t\t\t\t<div class=\"elementor-widget-container\">\n\t\t\t\t\t<div class=\"elementor-spacer\">\n\t\t\t<div class=\"elementor-spacer-inner\"><\/div>\n\t\t<\/div>\n\t\t\t\t<\/div>\n\t\t\t\t<\/div>\n\t\t\t\t\t<\/div>\n\t\t<\/div>\n\t\t\t\t<div class=\"elementor-column elementor-col-25 elementor-top-column elementor-element elementor-element-02b1189 sc_layouts_hide_on_tablet sc_layouts_hide_on_mobile sc_inner_width_none sc_content_align_inherit sc_layouts_column_icons_position_left sc_fly_static\" data-id=\"02b1189\" data-element_type=\"column\">\n\t\t\t<div class=\"elementor-widget-wrap\">\n\t\t\t\t\t\t\t<\/div>\n\t\t<\/div>\n\t\t\t\t<div class=\"elementor-column elementor-col-25 elementor-top-column elementor-element elementor-element-2d341c5 animated-slow sc_inner_width_none sc_content_align_inherit sc_layouts_column_icons_position_left animation_type_block sc_fly_static elementor-invisible\" data-id=\"2d341c5\" data-element_type=\"column\" data-settings=\"{&quot;background_background&quot;:&quot;classic&quot;,&quot;animation&quot;:&quot;fadeIn&quot;}\">\n\t\t\t<div class=\"elementor-widget-wrap elementor-element-populated\">\n\t\t\t\t\t\t<div class=\"elementor-element elementor-element-c0706dd sc_layouts_hide_on_wide sc_layouts_hide_on_desktop sc_layouts_hide_on_notebook sc_layouts_hide_on_tablet sc_fly_static elementor-widget elementor-widget-spacer\" data-id=\"c0706dd\" data-element_type=\"widget\" data-widget_type=\"spacer.default\">\n\t\t\t\t<div class=\"elementor-widget-container\">\n\t\t\t\t\t<div class=\"elementor-spacer\">\n\t\t\t<div class=\"elementor-spacer-inner\"><\/div>\n\t\t<\/div>\n\t\t\t\t<\/div>\n\t\t\t\t<\/div>\n\t\t\t\t<div class=\"elementor-element elementor-element-fc954e2 sc_layouts_hide_on_wide sc_layouts_hide_on_desktop sc_layouts_hide_on_notebook sc_layouts_hide_on_tablet sc_fly_static elementor-widget elementor-widget-spacer\" data-id=\"fc954e2\" data-element_type=\"widget\" data-widget_type=\"spacer.default\">\n\t\t\t\t<div class=\"elementor-widget-container\">\n\t\t\t\t\t<div class=\"elementor-spacer\">\n\t\t\t<div class=\"elementor-spacer-inner\"><\/div>\n\t\t<\/div>\n\t\t\t\t<\/div>\n\t\t\t\t<\/div>\n\t\t\t\t\t<\/div>\n\t\t<\/div>\n\t\t\t\t\t<\/div>\n\t\t<\/section>\n\t\t\t\t<\/div>\n\t\t","protected":false},"excerpt":{"rendered":"<p>De\u011ferli \u00c7\u00f6z\u00fcm ortaklar\u0131m\u0131z, \u0130la\u00e7 sekt\u00f6r\u00fcnde Roche \u0130la\u00e7&#8217;ta ba\u015flay\u0131p sekt\u00f6re y\u00f6n veren firmalarda devam eden pazarlama ve sat\u0131\u015f kariyerimi Kas\u0131m 2001 itibariyle Ekim 2021&#8217;de sonland\u0131rmaya karar verdim. Kendi i\u015fimi kurman\u0131n zaman\u0131n\u0131n geldi\u011fini d\u00fc\u015f\u00fcnd\u00fcm. Sekt\u00f6rde olursak olal\u0131m vazge\u00e7ilmez oldu\u011funu d\u00fc\u015f\u00fcnd\u00fc\u011f\u00fcm etik kazan\u0131mlar\u0131&hellip;<\/p>\n","protected":false},"author":1,"featured_media":697,"parent":0,"menu_order":0,"comment_status":"closed","ping_status":"closed","template":"","meta":{"inline_featured_image":false,"footnotes":""},"class_list":["post-708","page","type-page","status-publish","has-post-thumbnail","hentry"],"acf":[],"_links":{"self":[{"href":"https:\/\/www.cosmosislaser.com.tr\/tr\/wp-json\/wp\/v2\/pages\/708","targetHints":{"allow":["GET"]}}],"collection":[{"href":"https:\/\/www.cosmosislaser.com.tr\/tr\/wp-json\/wp\/v2\/pages"}],"about":[{"href":"https:\/\/www.cosmosislaser.com.tr\/tr\/wp-json\/wp\/v2\/types\/page"}],"author":[{"embeddable":true,"href":"https:\/\/www.cosmosislaser.com.tr\/tr\/wp-json\/wp\/v2\/users\/1"}],"replies":[{"embeddable":true,"href":"https:\/\/www.cosmosislaser.com.tr\/tr\/wp-json\/wp\/v2\/comments?post=708"}],"version-history":[{"count":4,"href":"https:\/\/www.cosmosislaser.com.tr\/tr\/wp-json\/wp\/v2\/pages\/708\/revisions"}],"predecessor-version":[{"id":712,"href":"https:\/\/www.cosmosislaser.com.tr\/tr\/wp-json\/wp\/v2\/pages\/708\/revisions\/712"}],"wp:featuredmedia":[{"embeddable":true,"href":"https:\/\/www.cosmosislaser.com.tr\/tr\/wp-json\/wp\/v2\/media\/697"}],"wp:attachment":[{"href":"https:\/\/www.cosmosislaser.com.tr\/tr\/wp-json\/wp\/v2\/media?parent=708"}],"curies":[{"name":"wp","href":"https:\/\/api.w.org\/{rel}","templated":true}]}}