{"id":748,"date":"2023-08-30T12:38:44","date_gmt":"2023-08-30T12:38:44","guid":{"rendered":"https:\/\/www.cosmosislaser.com.tr\/?page_id=748"},"modified":"2023-11-30T14:58:32","modified_gmt":"2023-11-30T14:58:32","slug":"iletisim","status":"publish","type":"page","link":"https:\/\/www.cosmosislaser.com.tr\/tr\/iletisim\/","title":{"rendered":"\u0130leti\u015fim"},"content":{"rendered":"\t\t<div data-elementor-type=\"wp-page\" data-elementor-id=\"748\" class=\"elementor elementor-748\" data-elementor-post-type=\"page\">\n\t\t\t\t\t\t<section class=\"elementor-section elementor-top-section elementor-element elementor-element-8b02f4a elementor-section-boxed elementor-section-height-default elementor-section-height-default sc_fly_static\" data-id=\"8b02f4a\" data-element_type=\"section\">\n\t\t\t\t\t\t<div class=\"elementor-container elementor-column-gap-extended\">\n\t\t\t\t\t<div class=\"elementor-column elementor-col-100 elementor-top-column elementor-element elementor-element-598394d sc_inner_width_none sc_content_align_inherit sc_layouts_column_icons_position_left sc_fly_static\" data-id=\"598394d\" data-element_type=\"column\">\n\t\t\t<div class=\"elementor-widget-wrap elementor-element-populated\">\n\t\t\t\t\t\t<div class=\"elementor-element elementor-element-7b23f9d sc_fly_static elementor-widget elementor-widget-trx_sc_icons\" data-id=\"7b23f9d\" data-element_type=\"widget\" data-widget_type=\"trx_sc_icons.default\">\n\t\t\t\t<div class=\"elementor-widget-container\">\n\t\t\t<div id=\"\" \n\tclass=\"sc_icons sc_icons_modern alter sc_icons_size_medium sc_align_left\"><div class=\"sc_icons_columns_wrap sc_item_columns trx_addons_columns_wrap columns_padding_bottom columns_in_single_row\"><div class=\"trx_addons_column-1_3\"><div class=\"sc_icons_wrapper\"><div class=\"sc_icons_item\"><div class=\"sc_icons_icon sc_icon_type_ icon-map\"><span class=\"sc_icon_type_ icon-map\"><\/span><\/div><div class=\"sc_icons_item_details\"><h4 class=\"sc_icons_item_title\"><span>Adres<\/span><\/h4><div class=\"sc_icons_item_description\"><span>\u0130kitelli OSB Mh. \u0130steks Sanayi Sit. B\/5 No:13 Ba\u015fak\u015fehir \u0130stanbul<\/span><\/div><\/div><\/div><\/div><\/div><div class=\"trx_addons_column-1_3\"><div class=\"sc_icons_wrapper\"><div class=\"sc_icons_item\"><div class=\"sc_icons_icon sc_icon_type_ icon-phone-2\"><span class=\"sc_icon_type_ icon-phone-2\"><\/span><\/div><div class=\"sc_icons_item_details\"><h4 class=\"sc_icons_item_title\"><span>Telefon<\/span><\/h4><div class=\"sc_icons_item_description\"><span>+90 534 977 68 35<\/span><\/div><\/div><\/div><\/div><\/div><div class=\"trx_addons_column-1_3\"><div class=\"sc_icons_wrapper\"><div class=\"sc_icons_item\"><div class=\"sc_icons_icon sc_icon_type_ icon-email-1\"><span class=\"sc_icon_type_ icon-email-1\"><\/span><\/div><div class=\"sc_icons_item_details\"><h4 class=\"sc_icons_item_title\"><span>E-posta<\/span><\/h4><div class=\"sc_icons_item_description\"><span>info@cosmosislaser.com.tr<\/span><\/div><\/div><\/div><\/div><\/div><\/div><\/div><!-- \/.sc_icons -->\t\t<\/div>\n\t\t\t\t<\/div>\n\t\t\t\t\t<\/div>\n\t\t<\/div>\n\t\t\t\t\t<\/div>\n\t\t<\/section>\n\t\t\t\t<section class=\"elementor-section elementor-top-section elementor-element elementor-element-8ca2445 elementor-section-boxed elementor-section-height-default elementor-section-height-default sc_fly_static\" data-id=\"8ca2445\" data-element_type=\"section\">\n\t\t\t\t\t\t<div class=\"elementor-container elementor-column-gap-default\">\n\t\t\t\t\t<div class=\"elementor-column elementor-col-100 elementor-top-column elementor-element elementor-element-4e37675 sc_inner_width_none sc_content_align_inherit sc_layouts_column_icons_position_left sc_fly_static\" data-id=\"4e37675\" data-element_type=\"column\">\n\t\t\t<div class=\"elementor-widget-wrap elementor-element-populated\">\n\t\t\t\t\t\t<div class=\"elementor-element elementor-element-2fa1268 sc_fly_static elementor-widget elementor-widget-html\" data-id=\"2fa1268\" data-element_type=\"widget\" data-widget_type=\"html.default\">\n\t\t\t\t<div class=\"elementor-widget-container\">\n\t\t\t<iframe src=\"https:\/\/www.google.com\/maps\/embed?pb=!1m17!1m12!1m3!1d3006.7857412384333!2d28.795027800000003!3d41.0955278!2m3!1f0!2f0!3f0!3m2!1i1024!2i768!4f13.1!3m2!1m1!2zNDHCsDA1JzQzLjkiTiAyOMKwNDcnNDIuMSJF!5e0!3m2!1str!2str!4v1693811710936!5m2!1str!2str\" width=\"600\" height=\"350\" style=\"border:0;\" allowfullscreen=\"\" loading=\"lazy\" referrerpolicy=\"no-referrer-when-downgrade\"><\/iframe>\t\t<\/div>\n\t\t\t\t<\/div>\n\t\t\t\t\t<\/div>\n\t\t<\/div>\n\t\t\t\t\t<\/div>\n\t\t<\/section>\n\t\t\t\t<\/div>\n\t\t","protected":false},"excerpt":{"rendered":"<p>Adres \u0130kitelli OSB Mh. \u0130steks Sanayi Sit. B\/5 No:13 Ba\u015fak\u015fehir \u0130stanbul Telefon +90 534 977 68 35 E-posta info@cosmosislaser.com.tr<\/p>\n","protected":false},"author":1,"featured_media":659,"parent":0,"menu_order":0,"comment_status":"closed","ping_status":"closed","template":"","meta":{"inline_featured_image":false,"footnotes":""},"class_list":["post-748","page","type-page","status-publish","has-post-thumbnail","hentry"],"acf":[],"_links":{"self":[{"href":"https:\/\/www.cosmosislaser.com.tr\/tr\/wp-json\/wp\/v2\/pages\/748","targetHints":{"allow":["GET"]}}],"collection":[{"href":"https:\/\/www.cosmosislaser.com.tr\/tr\/wp-json\/wp\/v2\/pages"}],"about":[{"href":"https:\/\/www.cosmosislaser.com.tr\/tr\/wp-json\/wp\/v2\/types\/page"}],"author":[{"embeddable":true,"href":"https:\/\/www.cosmosislaser.com.tr\/tr\/wp-json\/wp\/v2\/users\/1"}],"replies":[{"embeddable":true,"href":"https:\/\/www.cosmosislaser.com.tr\/tr\/wp-json\/wp\/v2\/comments?post=748"}],"version-history":[{"count":5,"href":"https:\/\/www.cosmosislaser.com.tr\/tr\/wp-json\/wp\/v2\/pages\/748\/revisions"}],"predecessor-version":[{"id":753,"href":"https:\/\/www.cosmosislaser.com.tr\/tr\/wp-json\/wp\/v2\/pages\/748\/revisions\/753"}],"wp:featuredmedia":[{"embeddable":true,"href":"https:\/\/www.cosmosislaser.com.tr\/tr\/wp-json\/wp\/v2\/media\/659"}],"wp:attachment":[{"href":"https:\/\/www.cosmosislaser.com.tr\/tr\/wp-json\/wp\/v2\/media?parent=748"}],"curies":[{"name":"wp","href":"https:\/\/api.w.org\/{rel}","templated":true}]}}