{"id":760,"date":"2023-08-31T11:31:37","date_gmt":"2023-08-31T11:31:37","guid":{"rendered":"https:\/\/www.cosmosislaser.com.tr\/?page_id=760"},"modified":"2023-12-01T14:00:33","modified_gmt":"2023-12-01T14:00:33","slug":"slimming","status":"publish","type":"page","link":"https:\/\/www.cosmosislaser.com.tr\/tr\/slimming\/","title":{"rendered":"Slimming"},"content":{"rendered":"\t\t<div data-elementor-type=\"wp-page\" data-elementor-id=\"760\" class=\"elementor elementor-760\" data-elementor-post-type=\"page\">\n\t\t\t\t\t\t<section class=\"elementor-section elementor-top-section elementor-element elementor-element-b6c3327 elementor-section-boxed elementor-section-height-default elementor-section-height-default sc_fly_static\" data-id=\"b6c3327\" data-element_type=\"section\">\n\t\t\t\t\t\t<div class=\"elementor-container elementor-column-gap-extended\">\n\t\t\t\t\t<div class=\"elementor-column elementor-col-100 elementor-top-column elementor-element elementor-element-873836c sc_inner_width_none sc_content_align_inherit sc_layouts_column_icons_position_left sc_fly_static\" data-id=\"873836c\" data-element_type=\"column\">\n\t\t\t<div class=\"elementor-widget-wrap elementor-element-populated\">\n\t\t\t\t\t\t<div class=\"elementor-element elementor-element-8e645e5 sc_fly_static elementor-widget elementor-widget-trx_sc_extended_products\" data-id=\"8e645e5\" data-element_type=\"widget\" data-widget_type=\"trx_sc_extended_products.default\">\n\t\t\t\t<div class=\"elementor-widget-container\">\n\t\t\t<div  \n\tclass=\"sc_extended_products sc_extended_products_default\"><div class=\"sc_extended_products_content sc_item_content\"><div class=\"woocommerce columns-3 \"><ul class=\"products products_style_default columns-3\">\n<li class=\"product type-product post-117 status-publish first instock has-post-thumbnail taxable shipping-taxable product-type-simple product_style_default\">\n\t\t\t<div class=\"post_item post_layout_thumbs\"\n\t\t\t data-post-animation=\"animated fadeIn normal\"\t\t>\n\t\t\t<div class=\"post_featured hover_none\">\n\t\t\t\t\t\t\t\t<a href=\"https:\/\/www.cosmosislaser.com.tr\/product\/hrf-scrat\/\">\n\t\t\t\t<img fetchpriority=\"high\" decoding=\"async\" width=\"350\" height=\"454\" src=\"https:\/\/www.cosmosislaser.com.tr\/wp-content\/uploads\/2023\/08\/hrf-350x454.jpg\" class=\"attachment-woocommerce_thumbnail size-woocommerce_thumbnail\" alt=\"\" srcset=\"https:\/\/www.cosmosislaser.com.tr\/wp-content\/uploads\/2023\/08\/hrf-350x454.jpg 350w, https:\/\/www.cosmosislaser.com.tr\/wp-content\/uploads\/2023\/08\/hrf-231x300.jpg 231w, https:\/\/www.cosmosislaser.com.tr\/wp-content\/uploads\/2023\/08\/hrf-370x480.jpg 370w, https:\/\/www.cosmosislaser.com.tr\/wp-content\/uploads\/2023\/08\/hrf-425x551.jpg 425w, https:\/\/www.cosmosislaser.com.tr\/wp-content\/uploads\/2023\/08\/hrf-500x648.jpg 500w, https:\/\/www.cosmosislaser.com.tr\/wp-content\/uploads\/2023\/08\/hrf-475x616.jpg 475w, https:\/\/www.cosmosislaser.com.tr\/wp-content\/uploads\/2023\/08\/hrf-320x415.jpg 320w, https:\/\/www.cosmosislaser.com.tr\/wp-content\/uploads\/2023\/08\/hrf-640x830.jpg 640w, https:\/\/www.cosmosislaser.com.tr\/wp-content\/uploads\/2023\/08\/hrf-480x622.jpg 480w, https:\/\/www.cosmosislaser.com.tr\/wp-content\/uploads\/2023\/08\/hrf.jpg 675w\" sizes=\"(max-width: 767px) 100vw, 350px\" \/>\t\t\t\t<\/a>\n\t\t\t\t\t\t\t<\/div><!-- \/.post_featured -->\n\t\t\t<div class=\"post_data\">\n\t\t\t\t<div class=\"post_data_inner\">\n\t\t\t\t\t<div class=\"post_header entry-header\">\n\t\t\t\t\t<h2 class=\"woocommerce-loop-product__title\"><a href=\"https:\/\/www.cosmosislaser.com.tr\/product\/hrf-scrat\/\">HRF Scrat<\/a><\/h2>\t\t\t<\/div><!-- \/.post_header -->\n\t\t\n<div class=\"add_to_cart_wrap\"><a href=\"https:\/\/www.cosmosislaser.com.tr\/product\/hrf-scrat\/\" data-quantity=\"1\" class=\"button product_type_simple\" data-product_id=\"117\" data-product_sku=\"\" aria-label=\"Read more about &ldquo;HRF Scrat&rdquo;\" aria-describedby=\"\" rel=\"nofollow\">Read more<\/a><\/div>\t\t\t\t<\/div><!-- \/.post_data_inner -->\n\t\t\t<\/div><!-- \/.post_data -->\n\t\t<\/div><!-- \/.post_item -->\n\t\t<\/li>\n<li class=\"product type-product post-888 status-publish instock product_cat-slimming has-post-thumbnail taxable shipping-taxable product-type-simple product_style_default\">\n\t\t\t<div class=\"post_item post_layout_thumbs\"\n\t\t\t data-post-animation=\"animated fadeIn normal\"\t\t>\n\t\t\t<div class=\"post_featured hover_none\">\n\t\t\t\t\t\t\t\t<a href=\"https:\/\/www.cosmosislaser.com.tr\/product\/v-shape\/\">\n\t\t\t\t<img decoding=\"async\" width=\"350\" height=\"454\" src=\"https:\/\/www.cosmosislaser.com.tr\/wp-content\/uploads\/2025\/11\/v-shape-350x454.jpg\" class=\"attachment-woocommerce_thumbnail size-woocommerce_thumbnail\" alt=\"\" srcset=\"https:\/\/www.cosmosislaser.com.tr\/wp-content\/uploads\/2025\/11\/v-shape-350x454.jpg 350w, https:\/\/www.cosmosislaser.com.tr\/wp-content\/uploads\/2025\/11\/v-shape-231x300.jpg 231w, https:\/\/www.cosmosislaser.com.tr\/wp-content\/uploads\/2025\/11\/v-shape-370x480.jpg 370w, https:\/\/www.cosmosislaser.com.tr\/wp-content\/uploads\/2025\/11\/v-shape-425x551.jpg 425w, https:\/\/www.cosmosislaser.com.tr\/wp-content\/uploads\/2025\/11\/v-shape-500x648.jpg 500w, https:\/\/www.cosmosislaser.com.tr\/wp-content\/uploads\/2025\/11\/v-shape.jpg 675w\" sizes=\"(max-width: 767px) 100vw, 350px\" \/>\t\t\t\t<\/a>\n\t\t\t\t\t\t\t<\/div><!-- \/.post_featured -->\n\t\t\t<div class=\"post_data\">\n\t\t\t\t<div class=\"post_data_inner\">\n\t\t\t\t\t<div class=\"post_header entry-header\">\n\t\t\t\t\t<h2 class=\"woocommerce-loop-product__title\"><a href=\"https:\/\/www.cosmosislaser.com.tr\/product\/v-shape\/\">V-Shape<\/a><\/h2>\t\t\t<\/div><!-- \/.post_header -->\n\t\t\n<div class=\"add_to_cart_wrap\"><a href=\"https:\/\/www.cosmosislaser.com.tr\/product\/v-shape\/\" data-quantity=\"1\" class=\"button product_type_simple\" data-product_id=\"888\" data-product_sku=\"\" aria-label=\"Read more about &ldquo;V-Shape&rdquo;\" aria-describedby=\"\" rel=\"nofollow\">Read more<\/a><\/div>\t\t\t\t<\/div><!-- \/.post_data_inner -->\n\t\t\t<\/div><!-- \/.post_data -->\n\t\t<\/div><!-- \/.post_item -->\n\t\t<\/li>\n<li class=\"product type-product post-478 status-publish last instock product_cat-slimming has-post-thumbnail taxable shipping-taxable product-type-simple product_style_default\">\n\t\t\t<div class=\"post_item post_layout_thumbs\"\n\t\t\t data-post-animation=\"animated fadeIn normal\"\t\t>\n\t\t\t<div class=\"post_featured hover_none\">\n\t\t\t\t\t\t\t\t<a href=\"https:\/\/www.cosmosislaser.com.tr\/product\/ums-sculptor\/\">\n\t\t\t\t<img decoding=\"async\" width=\"350\" height=\"454\" src=\"https:\/\/www.cosmosislaser.com.tr\/wp-content\/uploads\/2023\/09\/UMS-350x454.jpg\" class=\"attachment-woocommerce_thumbnail size-woocommerce_thumbnail\" alt=\"\" srcset=\"https:\/\/www.cosmosislaser.com.tr\/wp-content\/uploads\/2023\/09\/UMS-350x454.jpg 350w, https:\/\/www.cosmosislaser.com.tr\/wp-content\/uploads\/2023\/09\/UMS-231x300.jpg 231w, https:\/\/www.cosmosislaser.com.tr\/wp-content\/uploads\/2023\/09\/UMS-370x480.jpg 370w, https:\/\/www.cosmosislaser.com.tr\/wp-content\/uploads\/2023\/09\/UMS-425x551.jpg 425w, https:\/\/www.cosmosislaser.com.tr\/wp-content\/uploads\/2023\/09\/UMS-500x648.jpg 500w, https:\/\/www.cosmosislaser.com.tr\/wp-content\/uploads\/2023\/09\/UMS.jpg 675w\" sizes=\"(max-width: 767px) 100vw, 350px\" \/>\t\t\t\t<\/a>\n\t\t\t\t\t\t\t<\/div><!-- \/.post_featured -->\n\t\t\t<div class=\"post_data\">\n\t\t\t\t<div class=\"post_data_inner\">\n\t\t\t\t\t<div class=\"post_header entry-header\">\n\t\t\t\t\t<h2 class=\"woocommerce-loop-product__title\"><a href=\"https:\/\/www.cosmosislaser.com.tr\/product\/ums-sculptor\/\">UMS Sculptor<\/a><\/h2>\t\t\t<\/div><!-- \/.post_header -->\n\t\t\n<div class=\"add_to_cart_wrap\"><a href=\"https:\/\/www.cosmosislaser.com.tr\/product\/ums-sculptor\/\" data-quantity=\"1\" class=\"button product_type_simple\" data-product_id=\"478\" data-product_sku=\"\" aria-label=\"Read more about &ldquo;UMS Sculptor&rdquo;\" aria-describedby=\"\" rel=\"nofollow\">Read more<\/a><\/div>\t\t\t\t<\/div><!-- \/.post_data_inner -->\n\t\t\t<\/div><!-- \/.post_data -->\n\t\t<\/div><!-- \/.post_item -->\n\t\t<\/li>\n<\/ul>\n<\/div><\/div><\/div>\n\t\t<\/div>\n\t\t\t\t<\/div>\n\t\t\t\t\t<\/div>\n\t\t<\/div>\n\t\t\t\t\t<\/div>\n\t\t<\/section>\n\t\t\t\t<\/div>\n\t\t","protected":false},"excerpt":{"rendered":"<p>Hrf Slimming Devam\u0131n\u0131 oku Hydra Skin Cleaning Devam\u0131n\u0131 oku<\/p>\n","protected":false},"author":1,"featured_media":619,"parent":0,"menu_order":0,"comment_status":"closed","ping_status":"closed","template":"","meta":{"inline_featured_image":false,"footnotes":""},"class_list":["post-760","page","type-page","status-publish","has-post-thumbnail","hentry"],"acf":[],"_links":{"self":[{"href":"https:\/\/www.cosmosislaser.com.tr\/tr\/wp-json\/wp\/v2\/pages\/760","targetHints":{"allow":["GET"]}}],"collection":[{"href":"https:\/\/www.cosmosislaser.com.tr\/tr\/wp-json\/wp\/v2\/pages"}],"about":[{"href":"https:\/\/www.cosmosislaser.com.tr\/tr\/wp-json\/wp\/v2\/types\/page"}],"author":[{"embeddable":true,"href":"https:\/\/www.cosmosislaser.com.tr\/tr\/wp-json\/wp\/v2\/users\/1"}],"replies":[{"embeddable":true,"href":"https:\/\/www.cosmosislaser.com.tr\/tr\/wp-json\/wp\/v2\/comments?post=760"}],"version-history":[{"count":1,"href":"https:\/\/www.cosmosislaser.com.tr\/tr\/wp-json\/wp\/v2\/pages\/760\/revisions"}],"predecessor-version":[{"id":761,"href":"https:\/\/www.cosmosislaser.com.tr\/tr\/wp-json\/wp\/v2\/pages\/760\/revisions\/761"}],"wp:featuredmedia":[{"embeddable":true,"href":"https:\/\/www.cosmosislaser.com.tr\/tr\/wp-json\/wp\/v2\/media\/619"}],"wp:attachment":[{"href":"https:\/\/www.cosmosislaser.com.tr\/tr\/wp-json\/wp\/v2\/media?parent=760"}],"curies":[{"name":"wp","href":"https:\/\/api.w.org\/{rel}","templated":true}]}}