{"id":724,"date":"2023-08-28T13:42:49","date_gmt":"2023-08-28T13:42:49","guid":{"rendered":"https:\/\/www.cosmosislaser.com.tr\/product\/ice-cube-2-in-1\/"},"modified":"2025-11-06T11:03:33","modified_gmt":"2025-11-06T11:03:33","slug":"dragon-ice-silver","status":"publish","type":"product","link":"https:\/\/www.cosmosislaser.com.tr\/tr\/product\/dragon-ice-silver\/","title":{"rendered":"Dragon Ice Silver"},"content":{"rendered":"<p>Dragon Ice Silver, k\u0131l ve cilt analiz kameras\u0131, yapay zeka teknolojisini kullanarak uygulama y\u00fczeyindeki cildin ve k\u0131l\u0131n renk analizini yapar ve en uygun uygulama parametrelerini belirler. Dragon Ice Silver, k\u0131l ve cilt analiz kameral\u0131. Yapay zeka teknolojisi ve diyot lazerlerin g\u00fc\u00e7l\u00fc kombinasyonu, k\u0131l k\u00f6klerini etkili bir \u015fekilde hedef al\u0131p yok ederek yeniden b\u00fcy\u00fcmeyi \u00f6nler ve uzun s\u00fcreli p\u00fcr\u00fczs\u00fczl\u00fck sa\u011flar. Bu, s\u0131k bak\u0131m veya r\u00f6tu\u015f seanslar\u0131na olan ihtiyac\u0131 ortadan kald\u0131rarak, uzun vadede zamandan ve emekten tasarruf sa\u011flar.<\/p>\n<p>Dragon Ice Silver Diode lazer makine ayn\u0131 zamanda kolay ve rahat kullan\u0131ma olanak tan\u0131yan ba\u015fl\u0131k \u00fczerinden kumanda sistemiyle birlikte gelir. Bu uzaktan kumanda sistemi, kullan\u0131c\u0131n\u0131n makinenin ayar ve parametrelerini uzaktan ayarlamas\u0131na olanak tan\u0131yarak epilasyon i\u015flemleri s\u0131ras\u0131nda kontrol\u00fc kolayla\u015ft\u0131r\u0131r<\/p>\n","protected":false},"excerpt":{"rendered":"<p>DIODE LAZER Dragon Ice Silver, k\u0131l ve cilt analiz kameral\u0131, son teknoloji \u00fcr\u00fcn\u00fc bir epilasyon makinesidir. Yapay zeka teknolojili anailz kameras\u0131 ile diyot teknolojilerinin avantajlar\u0131n\u0131 birle\u015ftirerek kal\u0131c\u0131, epilasyon i\u00e7in kapsaml\u0131 bir \u00e7\u00f6z\u00fcm sunar.<\/p>\n<p>Bu makinenin \u00f6ne \u00e7\u0131kan \u00f6zelliklerinden biri de i\u015flem ba\u015fl\u0131\u011f\u0131 so\u011futma teknolojisidir. \u0130\u015flem ba\u015fl\u0131\u011f\u0131 yakla\u015f\u0131k bir dakika i\u00e7inde &#8211; 30,3\u00b0C gibi etkileyici bir seviye ye kadar so\u011fuyacak \u015fekilde tasarlanm\u0131\u015ft\u0131r. Bu so\u011futma \u00f6zelli\u011fi kullan\u0131c\u0131ya a\u011fr\u0131s\u0131z ve konforlu bir epilasyon deneyimi sa\u011flar. D\u00fc\u015f\u00fck s\u0131cakl\u0131k, cildin uyu\u015fmas\u0131na ve i\u015flem s\u0131ras\u0131nda olas\u0131 rahats\u0131zl\u0131k veya a\u011fr\u0131n\u0131n en aza indirilmesine yard\u0131mc\u0131 olur.<\/p>\n<p>Dragon Ice silver, \u00f6zellikle donma seviyesin de a\u011fr\u0131s\u0131z epilasyon sunmak \u00fczere tasarlanm\u0131\u015ft\u0131r. So\u011futma teknolojisi ile geli\u015fmi\u015f lazer teknolojisinin birle\u015fimi, i\u015flemi neredeyse a\u011fr\u0131s\u0131z hale getirir. Bu \u00f6zellikle hassas cilde sahip ki\u015filer veya epilasyon i\u015flemleri s\u0131ras\u0131nda rahats\u0131zl\u0131k hissetmeye daha yatk\u0131n ki\u015filer i\u00e7in faydal\u0131d\u0131r. Ayr\u0131ca bu makine kal\u0131c\u0131 epilasyon sonu\u00e7lar\u0131 sa\u011flar.<\/p>\n<p>&nbsp;<\/p>\n<p>&nbsp;<\/p>\n","protected":false},"featured_media":856,"comment_status":"open","ping_status":"closed","template":"","meta":{"inline_featured_image":false},"product_cat":[16],"product_tag":[],"class_list":{"0":"post-724","1":"product","2":"type-product","3":"status-publish","4":"has-post-thumbnail","6":"product_cat-diode-laser","8":"first","9":"instock","10":"taxable","11":"shipping-taxable","12":"product-type-simple"},"acf":[],"_links":{"self":[{"href":"https:\/\/www.cosmosislaser.com.tr\/tr\/wp-json\/wp\/v2\/product\/724","targetHints":{"allow":["GET"]}}],"collection":[{"href":"https:\/\/www.cosmosislaser.com.tr\/tr\/wp-json\/wp\/v2\/product"}],"about":[{"href":"https:\/\/www.cosmosislaser.com.tr\/tr\/wp-json\/wp\/v2\/types\/product"}],"replies":[{"embeddable":true,"href":"https:\/\/www.cosmosislaser.com.tr\/tr\/wp-json\/wp\/v2\/comments?post=724"}],"version-history":[{"count":8,"href":"https:\/\/www.cosmosislaser.com.tr\/tr\/wp-json\/wp\/v2\/product\/724\/revisions"}],"predecessor-version":[{"id":862,"href":"https:\/\/www.cosmosislaser.com.tr\/tr\/wp-json\/wp\/v2\/product\/724\/revisions\/862"}],"wp:featuredmedia":[{"embeddable":true,"href":"https:\/\/www.cosmosislaser.com.tr\/tr\/wp-json\/wp\/v2\/media\/856"}],"wp:attachment":[{"href":"https:\/\/www.cosmosislaser.com.tr\/tr\/wp-json\/wp\/v2\/media?parent=724"}],"wp:term":[{"taxonomy":"product_cat","embeddable":true,"href":"https:\/\/www.cosmosislaser.com.tr\/tr\/wp-json\/wp\/v2\/product_cat?post=724"},{"taxonomy":"product_tag","embeddable":true,"href":"https:\/\/www.cosmosislaser.com.tr\/tr\/wp-json\/wp\/v2\/product_tag?post=724"}],"curies":[{"name":"wp","href":"https:\/\/api.w.org\/{rel}","templated":true}]}}