{"id":733,"date":"2023-08-28T13:44:07","date_gmt":"2023-08-28T13:44:07","guid":{"rendered":"https:\/\/www.cosmosislaser.com.tr\/?post_type=product&#038;p=733"},"modified":"2023-11-30T14:34:57","modified_gmt":"2023-11-30T14:34:57","slug":"ice-diego","status":"publish","type":"product","link":"https:\/\/www.cosmosislaser.com.tr\/tr\/product\/ice-diego\/","title":{"rendered":"Ice Diego"},"content":{"rendered":"<p>G\u00fcvenli ve konforlu bir uygulama sa\u011flamak i\u00e7in Ice Diego benzersiz bir so\u011futma sistemi ile donat\u0131lm\u0131\u015ft\u0131r. Bu so\u011futma sistemi anestezi etkisi sa\u011flayarak epidermis tabakas\u0131n\u0131 lazer enerjisinin yakmas\u0131n\u0131 \u00f6nler. Bu, minimum rahats\u0131zl\u0131kla g\u00fcvenli ve etkili bir i\u015flem sa\u011flar.<\/p>\n<p>Ice Diego sisteminde kullan\u0131lan 808 nm diyot lazer, k\u0131l k\u00f6klerini 48\u02daC s\u0131cakl\u0131\u011fa kadar \u0131s\u0131t\u0131r. Bu, daha uzun bir darbe geni\u015fli\u011fine izin veren daha d\u00fc\u015f\u00fck bir enerji yo\u011funlu\u011fu modu kullan\u0131larak elde edilir. Ba\u015fl\u0131k ile kayma hareketi s\u00fcrd\u00fcr\u00fcld\u00fc\u011f\u00fcnde, k\u0131l folik\u00fcl\u00fc h\u00fccreleri etkisiz hale gelir ve kal\u0131c\u0131 epilasyon sa\u011flan\u0131r.<\/p>\n<p>Ice Diego sistemi, etkinlik ve verimlilik a\u00e7\u0131s\u0131ndan \u00e7e\u015fitli avantajlar sunar. H\u0131zl\u0131 hareket ettirilebilen ba\u015fl\u0131k, uzun darbe geni\u015fli\u011fi ve b\u00fcy\u00fck nokta boyutu, daha geni\u015f alanlar\u0131n h\u0131zl\u0131 ve etkili bir \u015fekilde taranmas\u0131na olanak tan\u0131r. Ayr\u0131ca benzersiz so\u011futma sistemi m\u00fc\u015fterilerinize a\u011fr\u0131s\u0131z ve konforlu bir epilasyon deneyimi sunar.<\/p>\n<p>\u00d6zetle, Ice Diego epilasyon sistemi, h\u0131zl\u0131, etkili, g\u00fcvenli ve a\u011fr\u0131s\u0131z epilasyon sa\u011flamak i\u00e7in benzersiz so\u011futma sistemine sahip 808 nm diyot lazer teknolojisini kullan\u0131r. K\u0131l k\u00f6klerini 48\u02daC&#8217;ye \u0131s\u0131tma yetene\u011fi ve kal\u0131c\u0131 t\u00fcy giderme \u00f6zellikleri, onu p\u00fcr\u00fczs\u00fcz ve t\u00fcys\u00fcz bir cilt elde etmek i\u00e7in g\u00fcvenilir bir se\u00e7im haline getirir.<\/p>\n","protected":false},"excerpt":{"rendered":"<p>Ice Diego epilasyon sistemi, \u0131\u015f\u0131\u011f\u0131n ve \u0131s\u0131n\u0131n se\u00e7ici olarak emilmesi ilkesine sa\u011flayanan 808 nm diyot lazer teknolojisini kullan\u0131r. Lazer epidermis tabakas\u0131ndan ge\u00e7erek k\u0131l k\u00f6k\u00fcne ula\u015f\u0131r. Lazer enerjisi emildikten sonra \u0131s\u0131ya d\u00f6n\u00fc\u015ft\u00fcr\u00fclerek k\u0131l folik\u00fcl\u00fcn\u00fc ve \u00e7evresindeki dokuyu etkili bir \u015fekilde yok eder.<\/p>\n","protected":false},"featured_media":706,"comment_status":"closed","ping_status":"closed","template":"","meta":{"inline_featured_image":false},"product_cat":[16],"product_tag":[],"class_list":{"0":"post-733","1":"product","2":"type-product","3":"status-publish","4":"has-post-thumbnail","6":"product_cat-diode-laser","8":"first","9":"instock","10":"taxable","11":"shipping-taxable","12":"product-type-simple"},"acf":[],"_links":{"self":[{"href":"https:\/\/www.cosmosislaser.com.tr\/tr\/wp-json\/wp\/v2\/product\/733","targetHints":{"allow":["GET"]}}],"collection":[{"href":"https:\/\/www.cosmosislaser.com.tr\/tr\/wp-json\/wp\/v2\/product"}],"about":[{"href":"https:\/\/www.cosmosislaser.com.tr\/tr\/wp-json\/wp\/v2\/types\/product"}],"replies":[{"embeddable":true,"href":"https:\/\/www.cosmosislaser.com.tr\/tr\/wp-json\/wp\/v2\/comments?post=733"}],"version-history":[{"count":1,"href":"https:\/\/www.cosmosislaser.com.tr\/tr\/wp-json\/wp\/v2\/product\/733\/revisions"}],"predecessor-version":[{"id":734,"href":"https:\/\/www.cosmosislaser.com.tr\/tr\/wp-json\/wp\/v2\/product\/733\/revisions\/734"}],"wp:featuredmedia":[{"embeddable":true,"href":"https:\/\/www.cosmosislaser.com.tr\/tr\/wp-json\/wp\/v2\/media\/706"}],"wp:attachment":[{"href":"https:\/\/www.cosmosislaser.com.tr\/tr\/wp-json\/wp\/v2\/media?parent=733"}],"wp:term":[{"taxonomy":"product_cat","embeddable":true,"href":"https:\/\/www.cosmosislaser.com.tr\/tr\/wp-json\/wp\/v2\/product_cat?post=733"},{"taxonomy":"product_tag","embeddable":true,"href":"https:\/\/www.cosmosislaser.com.tr\/tr\/wp-json\/wp\/v2\/product_tag?post=733"}],"curies":[{"name":"wp","href":"https:\/\/api.w.org\/{rel}","templated":true}]}}