{"id":735,"date":"2023-08-28T13:45:07","date_gmt":"2023-08-28T13:45:07","guid":{"rendered":"https:\/\/www.cosmosislaser.com.tr\/?post_type=product&#038;p=735"},"modified":"2023-11-30T14:37:12","modified_gmt":"2023-11-30T14:37:12","slug":"sid-nd-yag","status":"publish","type":"product","link":"https:\/\/www.cosmosislaser.com.tr\/tr\/product\/sid-nd-yag\/","title":{"rendered":"Sid Nd Yag"},"content":{"rendered":"<p>Makinede ayr\u0131ca kolay kullan\u0131m i\u00e7in kullan\u0131c\u0131 dostu bir aray\u00fcz sa\u011flayan 13 in\u00e7lik dokunmatik ekran bulunmaktad\u0131r. Dokunmatik ekran sayesinde parametrelerin ayarlanmas\u0131 ve uygulama se\u00e7imi h\u0131zl\u0131 ve kolayd\u0131r.<\/p>\n<p>Sid Nd Yag makinesi, d\u00f6vme silmenin yan\u0131 s\u0131ra ba\u015fka i\u015flemler i\u00e7in de kullan\u0131labilir. Ka\u015f, g\u00f6z \u00e7evresi, dudak \u00e7evresi ve v\u00fccudun di\u011fer k\u0131s\u0131mlar\u0131ndaki pigmentleri etkili bir \u015fekilde kald\u0131rabilir.<\/p>\n<p>Bu makinenin dikkat \u00e7eken \u00f6zelliklerinden biri de karbon peeling etkisidir. Bu uygulama ince \u00e7izgileri ve k\u0131r\u0131\u015f\u0131kl\u0131klar\u0131, siyah ve beyaz noktalar\u0131 azaltmaya, donuk cildi, renk tonunu ve dokuyu iyile\u015ftirmeye yard\u0131mc\u0131 olabilir. Kollajen art\u0131\u015f\u0131n\u0131 te\u015fvik ederek daha s\u0131k\u0131 ve daha gergin bir cilt sa\u011flar. Karbon peeling i\u015flemi kolay ancak etkilidir ve herhangi bir k\u0131s\u0131tlama gerektirmez.<\/p>\n<p>Genel olarak Sid Nd Yag d\u00f6vme silme makinesi, d\u00f6vme silme, pigmentasyon giderme ve cilt gen\u00e7le\u015ftirme i\u00e7in \u00e7ok y\u00f6nl\u00fc ve kapsaml\u0131 bir \u00e7\u00f6z\u00fcm sunar. Profesyonel uygulama ba\u015fl\u0131klar\u0131, dokunmatik ekran aray\u00fcz\u00fc ve karbon peeling uygulamas\u0131, onu estetik profesyoneller i\u00e7in de\u011ferli bir ara\u00e7 haline getirir.<\/p>\n","protected":false},"excerpt":{"rendered":"<p>Sid Nd Yag, d\u00f6vme silme makinesi, farkl\u0131 ihtiya\u00e7lar\u0131 kar\u015f\u0131lamak i\u00e7in \u00e7e\u015fitli profesyonel uygulama ba\u015fl\u0131klar\u0131 sunar. 532 mm&#8217;lik uygulama ba\u015fl\u0131\u011f\u0131, koyu tendeki d\u00f6vmenin silinmesi i\u00e7in \u00f6zel olarak tasarlanm\u0131\u015ft\u0131r; 1064 mm&#8217;lik uygulama ba\u015fl\u0131\u011f\u0131 ise a\u00e7\u0131k renkteki d\u00f6vmenin silinmesi i\u00e7in kullan\u0131l\u0131r. 1320 mm&#8217;lik uygulama ba\u015fl\u0131\u011f\u0131 g\u00f6zenek temizli\u011fi ve cilt gen\u00e7le\u015ftirme i\u00e7in idealdir.<\/p>\n","protected":false},"featured_media":630,"comment_status":"open","ping_status":"closed","template":"","meta":{"inline_featured_image":false},"product_cat":[18],"product_tag":[],"class_list":{"0":"post-735","1":"product","2":"type-product","3":"status-publish","4":"has-post-thumbnail","6":"product_cat-nd-yag","8":"first","9":"instock","10":"taxable","11":"shipping-taxable","12":"product-type-simple"},"acf":[],"_links":{"self":[{"href":"https:\/\/www.cosmosislaser.com.tr\/tr\/wp-json\/wp\/v2\/product\/735","targetHints":{"allow":["GET"]}}],"collection":[{"href":"https:\/\/www.cosmosislaser.com.tr\/tr\/wp-json\/wp\/v2\/product"}],"about":[{"href":"https:\/\/www.cosmosislaser.com.tr\/tr\/wp-json\/wp\/v2\/types\/product"}],"replies":[{"embeddable":true,"href":"https:\/\/www.cosmosislaser.com.tr\/tr\/wp-json\/wp\/v2\/comments?post=735"}],"version-history":[{"count":3,"href":"https:\/\/www.cosmosislaser.com.tr\/tr\/wp-json\/wp\/v2\/product\/735\/revisions"}],"predecessor-version":[{"id":738,"href":"https:\/\/www.cosmosislaser.com.tr\/tr\/wp-json\/wp\/v2\/product\/735\/revisions\/738"}],"wp:featuredmedia":[{"embeddable":true,"href":"https:\/\/www.cosmosislaser.com.tr\/tr\/wp-json\/wp\/v2\/media\/630"}],"wp:attachment":[{"href":"https:\/\/www.cosmosislaser.com.tr\/tr\/wp-json\/wp\/v2\/media?parent=735"}],"wp:term":[{"taxonomy":"product_cat","embeddable":true,"href":"https:\/\/www.cosmosislaser.com.tr\/tr\/wp-json\/wp\/v2\/product_cat?post=735"},{"taxonomy":"product_tag","embeddable":true,"href":"https:\/\/www.cosmosislaser.com.tr\/tr\/wp-json\/wp\/v2\/product_tag?post=735"}],"curies":[{"name":"wp","href":"https:\/\/api.w.org\/{rel}","templated":true}]}}