{"id":739,"date":"2023-08-28T13:45:47","date_gmt":"2023-08-28T13:45:47","guid":{"rendered":"https:\/\/www.cosmosislaser.com.tr\/?post_type=product&#038;p=739"},"modified":"2023-11-30T14:45:46","modified_gmt":"2023-11-30T14:45:46","slug":"hrf-scrat","status":"publish","type":"product","link":"https:\/\/www.cosmosislaser.com.tr\/tr\/product\/hrf-scrat\/","title":{"rendered":"HRF Scrat"},"content":{"rendered":"<p>HRF Scrat, birden fazla fonksiyona sahip \u00fc\u00e7 farkl\u0131 ba\u015fl\u0131\u011fa sahiptir. Masaj yaparak bas\u0131n\u00e7 ve titre\u015fim yoluyla a\u011fr\u0131n\u0131n azalmas\u0131n\u0131 sa\u011flar. Kas gerginli\u011fini ve sert ya\u011flanmay\u0131 etkili bir \u015fekilde ortadan kald\u0131r\u0131r. Titre\u015fim fonksiyonu dakikada 2400-4000 d\u00f6n\u00fc\u015f h\u0131z\u0131nda \u00e7al\u0131\u015farak ya\u011flar\u0131n yumu\u015fat\u0131lmas\u0131na ve v\u00fccuttan at\u0131lmas\u0131na yard\u0131mc\u0131 olur.<\/p>\n<p>HRF Scrat\u2019\u0131n ayr\u0131ca bir\u00e7ok ek faydas\u0131 vard\u0131r. Ciltteki kan dola\u015f\u0131m\u0131n\u0131 h\u0131zland\u0131r\u0131r, lekeleri ve k\u0131r\u0131\u015f\u0131kl\u0131klar\u0131 azalt\u0131r ve cildi iyile\u015ftirir.<\/p>\n<p>Makinenin HRF Zay\u0131flama fonksiyonu, Y\u00fcksek Radyo Frekans enerjisi kullan\u0131larak tek seansta 4 cm&#8217;ye kadar zay\u0131flama sa\u011flayabilmektedir. G-8+2 Zay\u0131flama ba\u015fl\u0131kl\u0131 cihaz, kilo kayb\u0131na, ya\u011f yak\u0131m\u0131 ve kas gev\u015femesine yard\u0131mc\u0131 olur. G-5 ba\u015fl\u0131\u011f\u0131 dakikada 2500\/4000 devir h\u0131z\u0131nda \u00e7al\u0131\u015f\u0131r. Y\u00fcksek Radyo Frekans\u0131 enerjisiyle ya\u011flar\u0131 etkili bir \u015fekilde par\u00e7alar ve G\u00fc\u00e7l\u00fc vakum ba\u015fl\u0131\u011f\u0131 ile sel\u00fcliti gidermeye yard\u0131mc\u0131 olur.<\/p>\n<p>Vakum Negatif Bas\u0131n\u00e7 Ba\u015fl\u0131\u011f\u0131 sa\u011fl\u0131k fizyoterapisi i\u00e7in kullan\u0131l\u0131r. V\u00fccut h\u00fccrelerini absorbe etmek, v\u00fccut metabolizmas\u0131n\u0131n iyile\u015fmesini te\u015fvik etmek ve v\u00fccut u yeniden \u015fekillendirmek i\u00e7in vakum negatif bas\u0131nc\u0131n\u0131 kullan\u0131r. Ayn\u0131 zamanda meridyen taramas\u0131na ve etkili ve kal\u0131c\u0131 zay\u0131flamaya da yard\u0131mc\u0131 olur.<\/p>\n<p>Genel olarak HRF Scrat, t\u00fcm fonksiyonlar\u0131yla, titre\u015fim masaj\u0131, kilo kayb\u0131, ya\u011f giderme, kas gev\u015femesi ve v\u00fccut \u015fekillendirme i\u00e7in kapsaml\u0131 bir \u00e7\u00f6z\u00fcm sunar.<\/p>\n","protected":false},"excerpt":{"rendered":"<p>HRF Scrat, titre\u015fim masaj\u0131 ve kilo kayb\u0131na ek olarak kan dola\u015f\u0131m\u0131n\u0131 iyile\u015ftirmeye, ya\u011f gidermeye ve kas gev\u015femesine yard\u0131mc\u0131 olacak \u00e7e\u015fitli i\u015flevler sunan \u00e7ok y\u00f6nl\u00fc bir 4&#8217;\u00fc 1 arada zay\u0131flama makinesidir. Verimli ve dayan\u0131kl\u0131 8 farkl\u0131 masaj ba\u015fl\u0131\u011f\u0131yla birlikte gelir.<\/p>\n","protected":false},"featured_media":631,"comment_status":"open","ping_status":"closed","template":"","meta":{"inline_featured_image":false},"product_cat":[19],"product_tag":[],"class_list":{"0":"post-739","1":"product","2":"type-product","3":"status-publish","4":"has-post-thumbnail","6":"product_cat-slimming","8":"first","9":"instock","10":"taxable","11":"shipping-taxable","12":"product-type-simple"},"acf":[],"_links":{"self":[{"href":"https:\/\/www.cosmosislaser.com.tr\/tr\/wp-json\/wp\/v2\/product\/739","targetHints":{"allow":["GET"]}}],"collection":[{"href":"https:\/\/www.cosmosislaser.com.tr\/tr\/wp-json\/wp\/v2\/product"}],"about":[{"href":"https:\/\/www.cosmosislaser.com.tr\/tr\/wp-json\/wp\/v2\/types\/product"}],"replies":[{"embeddable":true,"href":"https:\/\/www.cosmosislaser.com.tr\/tr\/wp-json\/wp\/v2\/comments?post=739"}],"version-history":[{"count":2,"href":"https:\/\/www.cosmosislaser.com.tr\/tr\/wp-json\/wp\/v2\/product\/739\/revisions"}],"predecessor-version":[{"id":741,"href":"https:\/\/www.cosmosislaser.com.tr\/tr\/wp-json\/wp\/v2\/product\/739\/revisions\/741"}],"wp:featuredmedia":[{"embeddable":true,"href":"https:\/\/www.cosmosislaser.com.tr\/tr\/wp-json\/wp\/v2\/media\/631"}],"wp:attachment":[{"href":"https:\/\/www.cosmosislaser.com.tr\/tr\/wp-json\/wp\/v2\/media?parent=739"}],"wp:term":[{"taxonomy":"product_cat","embeddable":true,"href":"https:\/\/www.cosmosislaser.com.tr\/tr\/wp-json\/wp\/v2\/product_cat?post=739"},{"taxonomy":"product_tag","embeddable":true,"href":"https:\/\/www.cosmosislaser.com.tr\/tr\/wp-json\/wp\/v2\/product_tag?post=739"}],"curies":[{"name":"wp","href":"https:\/\/api.w.org\/{rel}","templated":true}]}}