{"id":742,"date":"2023-09-01T13:44:37","date_gmt":"2023-09-01T13:44:37","guid":{"rendered":"https:\/\/www.cosmosislaser.com.tr\/?post_type=product&#038;p=742"},"modified":"2023-11-30T14:48:01","modified_gmt":"2023-11-30T14:48:01","slug":"ums-sculptor","status":"publish","type":"product","link":"https:\/\/www.cosmosislaser.com.tr\/tr\/product\/ums-sculptor\/","title":{"rendered":"UMS Sculptor"},"content":{"rendered":"<p>UMS Sculptor&#8217;\u0131n temel \u00f6zelli\u011fi, derin deri alt\u0131 kas dokusundaki s\u00fcper kas kas\u0131lmas\u0131n\u0131 tetikleme yetene\u011fidir, bu da kilo kayb\u0131na, kan dola\u015f\u0131m\u0131n\u0131n iyile\u015fmesine, ya\u011flar\u0131n uzakla\u015ft\u0131r\u0131lmas\u0131na ve kas gev\u015femesine neden olur. Kas liflerinin %100&#8217;\u00fcn\u00fc aktive ederek derin kaslar\u0131n yeniden \u015fekillenmesine ve b\u00fcy\u00fcmesine yol a\u00e7ar. S\u00fcre\u00e7 ayn\u0131 zamanda kaslar\u0131 g\u00fc\u00e7lendiren ve s\u0131k\u0131la\u015ft\u0131ran yeni kolajen zincirlerinin ve kas liflerinin \u00fcretimini de uyar\u0131r.<\/p>\n<p>UMS Sculptor, di\u011fer v\u00fccut \u015fekillendirme ve kas geli\u015ftirme cihazlar\u0131na g\u00f6re \u00e7e\u015fitli avantajlar sunar. Bu cihazla yap\u0131lan 30 dakikal\u0131k bir uygulama, 20.000 mekik \u00e7ekmeye e\u015fde\u011ferdir ve verimli ve etkili sonu\u00e7lar sa\u011flar. D\u00fcz veya kavisli, kar\u0131n veya uzuvlarda ayr\u0131 ayr\u0131 veya ayn\u0131 anda kullan\u0131labilen ergonomik aplikat\u00f6rlerle birlikte gelir.<\/p>\n<p>UMS Sculptor ayr\u0131ca kas s\u0131cakl\u0131\u011f\u0131n\u0131 y\u00fckseltmek i\u00e7in radyo frekansl\u0131 \u0131s\u0131tmas\u0131n\u0131 kullanarak deri alt\u0131 ya\u011f h\u00fccrelerinde apoptoza neden olur. Klinik \u00e7al\u0131\u015fmalar deri alt\u0131 ya\u011f\u0131nda ortalama %30 azalma oldu\u011funu g\u00f6stermi\u015ftir. Cihaz, erkek ve kad\u0131n uygulamalar\u0131 i\u00e7in ayr\u0131 bir aray\u00fcz modeli sunarak i\u015flemi sezgisel ve ak\u0131ll\u0131 hale getirir. Ayr\u0131ca saf su gerektirmeyen kullan\u0131\u015fl\u0131 bir hava so\u011futma sistemine de sahiptir.<\/p>\n<p>UMS Sculptor, 7 Tesla y\u00fcksek yo\u011funluklu manyetik enerjisiyle b\u00fcy\u00fck iskelet kaslar\u0131n\u0131 etkisi alt\u0131na alabilir ve kas\u0131n i\u00e7 yap\u0131s\u0131n\u0131n derinlemesine yeniden \u015fekillenmesini sa\u011flayabilir. Farkl\u0131 seviyelerde kas g\u00fcc\u00fcn\u00fc, kalitesini ve dayan\u0131kl\u0131l\u0131\u011f\u0131n\u0131 art\u0131rmak i\u00e7in 7 otomatik mod ve manuel mod sunar.<\/p>\n<p>Genel olarak UMS Sculptor, kilo kayb\u0131, kas geli\u015ftirme, lipo-azaltma ve v\u00fccut \u015fekillendirme i\u00e7in kapsaml\u0131 bir \u00e7\u00f6z\u00fcm sunan son teknoloji \u00fcr\u00fcn\u00fc bir zay\u0131flama makinesidir. Geli\u015fmi\u015f \u00f6zellikleri, ergonomik tasar\u0131m\u0131 ve etkili uygulama se\u00e7enekleri, onu estetik profesyonelleri i\u00e7in m\u00fckemmel bir se\u00e7im haline getirir.<\/p>\n","protected":false},"excerpt":{"rendered":"<p>UMS Sculptor, kas geli\u015ftirme, lipo-azaltma ve v\u00fccut \u015fekillendirme i\u015flevlerini birle\u015ftiren devrim niteli\u011finde bir 4&#8217;\u00fc 1 arada zay\u0131flama ve v\u00fccut \u015fekillendirme makinesidir. Verimli ve dayan\u0131kl\u0131 2 farkl\u0131 \u015fekilli uygulama ba\u015fl\u0131klar\u0131yla g\u00fc\u00e7l\u00fc bir etki olu\u015fturur.<\/p>\n","protected":false},"featured_media":695,"comment_status":"open","ping_status":"closed","template":"","meta":{"inline_featured_image":false},"product_cat":[19],"product_tag":[],"class_list":{"0":"post-742","1":"product","2":"type-product","3":"status-publish","4":"has-post-thumbnail","6":"product_cat-slimming","8":"first","9":"instock","10":"taxable","11":"shipping-taxable","12":"product-type-simple"},"acf":[],"_links":{"self":[{"href":"https:\/\/www.cosmosislaser.com.tr\/tr\/wp-json\/wp\/v2\/product\/742","targetHints":{"allow":["GET"]}}],"collection":[{"href":"https:\/\/www.cosmosislaser.com.tr\/tr\/wp-json\/wp\/v2\/product"}],"about":[{"href":"https:\/\/www.cosmosislaser.com.tr\/tr\/wp-json\/wp\/v2\/types\/product"}],"replies":[{"embeddable":true,"href":"https:\/\/www.cosmosislaser.com.tr\/tr\/wp-json\/wp\/v2\/comments?post=742"}],"version-history":[{"count":2,"href":"https:\/\/www.cosmosislaser.com.tr\/tr\/wp-json\/wp\/v2\/product\/742\/revisions"}],"predecessor-version":[{"id":744,"href":"https:\/\/www.cosmosislaser.com.tr\/tr\/wp-json\/wp\/v2\/product\/742\/revisions\/744"}],"wp:featuredmedia":[{"embeddable":true,"href":"https:\/\/www.cosmosislaser.com.tr\/tr\/wp-json\/wp\/v2\/media\/695"}],"wp:attachment":[{"href":"https:\/\/www.cosmosislaser.com.tr\/tr\/wp-json\/wp\/v2\/media?parent=742"}],"wp:term":[{"taxonomy":"product_cat","embeddable":true,"href":"https:\/\/www.cosmosislaser.com.tr\/tr\/wp-json\/wp\/v2\/product_cat?post=742"},{"taxonomy":"product_tag","embeddable":true,"href":"https:\/\/www.cosmosislaser.com.tr\/tr\/wp-json\/wp\/v2\/product_tag?post=742"}],"curies":[{"name":"wp","href":"https:\/\/api.w.org\/{rel}","templated":true}]}}