{"id":745,"date":"2023-08-31T09:39:00","date_gmt":"2023-08-31T09:39:00","guid":{"rendered":"https:\/\/www.cosmosislaser.com.tr\/?post_type=product&#038;p=745"},"modified":"2023-11-30T14:49:53","modified_gmt":"2023-11-30T14:49:53","slug":"hydra-ellie","status":"publish","type":"product","link":"https:\/\/www.cosmosislaser.com.tr\/tr\/product\/hydra-ellie\/","title":{"rendered":"Hydra Ellie"},"content":{"rendered":"<p>Hydra Ellie, pazara yeni sunulan bir \u00fcr\u00fcnd\u00fcr ve \u00f6l\u00fc derinin giderilmesi, lekelerin azalt\u0131lmas\u0131, derin nemlendirme, cilt temizli\u011fi, sa\u00e7 bak\u0131m\u0131, k\u0131r\u0131\u015f\u0131kl\u0131klar\u0131n giderilmesi, siyah noktalar\u0131n giderilmesi ve cildin beyazlat\u0131lmas\u0131 gibi \u00e7e\u015fitli i\u015flevler sunar. \u00c7e\u015fitli cilt bak\u0131m\u0131 ihtiya\u00e7lar\u0131n\u0131 kar\u015f\u0131layan \u00e7ok y\u00f6nl\u00fc ve kapsaml\u0131 bir g\u00fczellik sistemidir.<\/p>\n","protected":false},"excerpt":{"rendered":"<p>Hydra Ellie, \u00e7e\u015fitli cilt ve sa\u00e7 bak\u0131m\u0131 se\u00e7enekleri sunan \u00e7ok i\u015flevli bir makinedir. Y\u00fcz temizleme, sivilce giderme, k\u0131r\u0131\u015f\u0131kl\u0131k giderme, cilt beyazlatma gibi \u00f6zellikleri i\u00e7erir.<\/p>\n<p>Temel \u00f6zelli\u011fi, derinlemesine temizlik, cilt beyazlatma, nemlendirme ve tam cilt bak\u0131m\u0131 sa\u011flayan 15&#8217;i 1 arada oksijenli y\u00fcz bak\u0131m\u0131d\u0131r. Bu y\u00fcz bak\u0131m\u0131n\u0131n oksijen safl\u0131\u011f\u0131 %90&#8217;\u0131n \u00fczerinde olup etkili ve gen\u00e7le\u015ftirici sonu\u00e7lar sa\u011flar.<\/p>\n","protected":false},"featured_media":700,"comment_status":"closed","ping_status":"closed","template":"","meta":{"inline_featured_image":false},"product_cat":[26],"product_tag":[],"class_list":{"0":"post-745","1":"product","2":"type-product","3":"status-publish","4":"has-post-thumbnail","6":"product_cat-hydra-skin-cleaning","8":"first","9":"instock","10":"taxable","11":"shipping-taxable","12":"product-type-simple"},"acf":[],"_links":{"self":[{"href":"https:\/\/www.cosmosislaser.com.tr\/tr\/wp-json\/wp\/v2\/product\/745","targetHints":{"allow":["GET"]}}],"collection":[{"href":"https:\/\/www.cosmosislaser.com.tr\/tr\/wp-json\/wp\/v2\/product"}],"about":[{"href":"https:\/\/www.cosmosislaser.com.tr\/tr\/wp-json\/wp\/v2\/types\/product"}],"replies":[{"embeddable":true,"href":"https:\/\/www.cosmosislaser.com.tr\/tr\/wp-json\/wp\/v2\/comments?post=745"}],"version-history":[{"count":2,"href":"https:\/\/www.cosmosislaser.com.tr\/tr\/wp-json\/wp\/v2\/product\/745\/revisions"}],"predecessor-version":[{"id":747,"href":"https:\/\/www.cosmosislaser.com.tr\/tr\/wp-json\/wp\/v2\/product\/745\/revisions\/747"}],"wp:featuredmedia":[{"embeddable":true,"href":"https:\/\/www.cosmosislaser.com.tr\/tr\/wp-json\/wp\/v2\/media\/700"}],"wp:attachment":[{"href":"https:\/\/www.cosmosislaser.com.tr\/tr\/wp-json\/wp\/v2\/media?parent=745"}],"wp:term":[{"taxonomy":"product_cat","embeddable":true,"href":"https:\/\/www.cosmosislaser.com.tr\/tr\/wp-json\/wp\/v2\/product_cat?post=745"},{"taxonomy":"product_tag","embeddable":true,"href":"https:\/\/www.cosmosislaser.com.tr\/tr\/wp-json\/wp\/v2\/product_tag?post=745"}],"curies":[{"name":"wp","href":"https:\/\/api.w.org\/{rel}","templated":true}]}}