{"id":895,"date":"2025-11-06T11:34:21","date_gmt":"2025-11-06T11:34:21","guid":{"rendered":"https:\/\/www.cosmosislaser.com.tr\/?post_type=product&#038;p=895"},"modified":"2025-11-06T12:31:11","modified_gmt":"2025-11-06T12:31:11","slug":"v-shape","status":"publish","type":"product","link":"https:\/\/www.cosmosislaser.com.tr\/tr\/product\/v-shape\/","title":{"rendered":"V-Shape"},"content":{"rendered":"<p data-start=\"630\" data-end=\"663\"><strong data-start=\"634\" data-end=\"661\">8 Farkl\u0131 Uygulama Alan\u0131<\/strong><\/p>\n<ol data-start=\"664\" data-end=\"922\">\n<li data-start=\"664\" data-end=\"685\">\n<p data-start=\"667\" data-end=\"685\">Sel\u00fcliti azalt\u0131r<\/p>\n<\/li>\n<li data-start=\"686\" data-end=\"709\">\n<p data-start=\"689\" data-end=\"709\">Cildi s\u0131k\u0131la\u015ft\u0131r\u0131r<\/p>\n<\/li>\n<li data-start=\"710\" data-end=\"735\">\n<p data-start=\"713\" data-end=\"735\">V\u00fccudu \u015fekillendirir<\/p>\n<\/li>\n<li data-start=\"736\" data-end=\"771\">\n<p data-start=\"739\" data-end=\"771\">Kas hatlar\u0131n\u0131 belirginle\u015ftirir<\/p>\n<\/li>\n<li data-start=\"772\" data-end=\"810\">\n<p data-start=\"775\" data-end=\"810\">Cilt tonu ve dokusunu iyile\u015ftirir<\/p>\n<\/li>\n<li data-start=\"811\" data-end=\"852\">\n<p data-start=\"814\" data-end=\"852\">A\u011fr\u0131y\u0131 azalt\u0131r, iyile\u015fmeyi destekler<\/p>\n<\/li>\n<li data-start=\"853\" data-end=\"883\">\n<p data-start=\"856\" data-end=\"883\">Lenfatik dola\u015f\u0131m\u0131 art\u0131r\u0131r<\/p>\n<\/li>\n<li data-start=\"884\" data-end=\"922\">\n<p data-start=\"887\" data-end=\"922\">Tamamen a\u011fr\u0131s\u0131z ve non-invazivdir<\/p>\n<\/li>\n<\/ol>\n<p data-start=\"924\" data-end=\"954\"><strong data-start=\"928\" data-end=\"952\">5 Etki \u2013 Tek Seansta<\/strong><\/p>\n<ul data-start=\"955\" data-end=\"1258\">\n<li data-start=\"955\" data-end=\"1016\">\n<p data-start=\"957\" data-end=\"1016\"><strong data-start=\"957\" data-end=\"975\">\u015eekillendirme:<\/strong> V\u00fccut siluetini yeniden bi\u00e7imlendirir.<\/p>\n<\/li>\n<li data-start=\"1017\" data-end=\"1073\">\n<p data-start=\"1019\" data-end=\"1073\"><strong data-start=\"1019\" data-end=\"1034\">Kas Etkisi:<\/strong> Kaslar\u0131 g\u00fc\u00e7lendirir ve s\u0131k\u0131la\u015ft\u0131r\u0131r.<\/p>\n<\/li>\n<li data-start=\"1074\" data-end=\"1129\">\n<p data-start=\"1076\" data-end=\"1129\"><strong data-start=\"1076\" data-end=\"1094\">Lenfatik Etki:<\/strong> Dola\u015f\u0131m\u0131 art\u0131r\u0131r, \u00f6demi azalt\u0131r.<\/p>\n<\/li>\n<li data-start=\"1130\" data-end=\"1181\">\n<p data-start=\"1132\" data-end=\"1181\"><strong data-start=\"1132\" data-end=\"1150\">Cilt Yenileme:<\/strong> Doku elastikiyetini art\u0131r\u0131r.<\/p>\n<\/li>\n<li data-start=\"1182\" data-end=\"1258\">\n<p data-start=\"1184\" data-end=\"1258\"><strong data-start=\"1184\" data-end=\"1205\">P\u00fcr\u00fczs\u00fczle\u015ftirme:<\/strong> K\u0131r\u0131\u015f\u0131kl\u0131klar\u0131 ve y\u00fczey d\u00fczensizliklerini giderir.<\/p>\n<\/li>\n<\/ul>\n<p data-start=\"1260\" data-end=\"1294\"><strong data-start=\"1264\" data-end=\"1292\">L\u00fcks Uygulama Ba\u015fl\u0131klar\u0131<\/strong><\/p>\n<p data-start=\"1295\" data-end=\"1373\">Farkl\u0131 b\u00f6lgelere \u00f6zel ba\u015fl\u0131klarla, \u00e7e\u015fitli ihtiya\u00e7lara uygun \u00e7\u00f6z\u00fcmler sunar:<\/p>\n<ul data-start=\"1374\" data-end=\"1547\">\n<li data-start=\"1374\" data-end=\"1397\">\n<p data-start=\"1376\" data-end=\"1397\">B\u00fcy\u00fck V\u00fccut Ba\u015fl\u0131\u011f\u0131<\/p>\n<\/li>\n<li data-start=\"1398\" data-end=\"1419\">\n<p data-start=\"1400\" data-end=\"1419\">Orta Uzuv Ba\u015fl\u0131\u011f\u0131<\/p>\n<\/li>\n<li data-start=\"1420\" data-end=\"1441\">\n<p data-start=\"1422\" data-end=\"1441\">K\u00fc\u00e7\u00fck Y\u00fcz Ba\u015fl\u0131\u011f\u0131<\/p>\n<\/li>\n<li data-start=\"1442\" data-end=\"1469\">\n<p data-start=\"1444\" data-end=\"1469\">\u00c7ene \/ G\u00f6z \/ Y\u00fcz U\u00e7lar\u0131<\/p>\n<\/li>\n<li data-start=\"1470\" data-end=\"1492\">\n<p data-start=\"1472\" data-end=\"1492\">Magic Ball Ba\u015fl\u0131\u011f\u0131<\/p>\n<\/li>\n<li data-start=\"1493\" data-end=\"1547\">\n<p data-start=\"1495\" data-end=\"1547\">Ak\u0131ll\u0131 Android Aray\u00fcz\u00fc (15.6 in\u00e7 dokunmatik ekran)<\/p>\n<\/li>\n<\/ul>\n<p data-start=\"1549\" data-end=\"1621\">\u0130\u015flem s\u00fcresi k\u0131sad\u0131r ve k\u0131sa seanslarla hedeflenen sonu\u00e7lara ula\u015f\u0131l\u0131r.<\/p>\n<p data-start=\"1628\" data-end=\"1657\"><strong data-start=\"1632\" data-end=\"1655\">B\u00fcy\u00fck V\u00fccut Ba\u015fl\u0131\u011f\u0131<\/strong><\/p>\n<p data-start=\"1658\" data-end=\"1719\"><em data-start=\"1658\" data-end=\"1717\">(Vakumlu Rulo + Bipolar RF + K\u0131z\u0131l\u00f6tesi + Negatif Bas\u0131n\u00e7)<\/em><\/p>\n<ul data-start=\"1720\" data-end=\"2004\">\n<li data-start=\"1720\" data-end=\"1780\">\n<p data-start=\"1722\" data-end=\"1780\">Mekanik masaj, kan ve lenf dola\u015f\u0131m\u0131n\u0131 h\u0131zla aktive eder.<\/p>\n<\/li>\n<li data-start=\"1781\" data-end=\"1864\">\n<p data-start=\"1783\" data-end=\"1864\">Bipolar RF, alt deri tabakas\u0131nda \u0131s\u0131 olu\u015fturarak kolajen \u00fcretimini te\u015fvik eder.<\/p>\n<\/li>\n<li data-start=\"1865\" data-end=\"1938\">\n<p data-start=\"1867\" data-end=\"1938\">K\u0131z\u0131l\u00f6tesi \u0131\u015f\u0131k, ya\u011f h\u00fccrelerinde lipolizi (ya\u011f par\u00e7alanmas\u0131) uyar\u0131r.<\/p>\n<\/li>\n<li data-start=\"1939\" data-end=\"2004\">\n<p data-start=\"1941\" data-end=\"2004\">Bu i\u015flem sel\u00fclit azalmas\u0131na ve daha s\u0131k\u0131 bir v\u00fccuda yol a\u00e7ar.<\/p>\n<\/li>\n<\/ul>\n<p data-start=\"2011\" data-end=\"2038\"><strong data-start=\"2015\" data-end=\"2036\">Orta Uzuv Ba\u015fl\u0131\u011f\u0131<\/strong><\/p>\n<ul data-start=\"2039\" data-end=\"2292\">\n<li data-start=\"2039\" data-end=\"2109\">\n<p data-start=\"2041\" data-end=\"2109\">RF, vakum, k\u0131z\u0131l\u00f6tesi ve mekanik rulo teknolojilerini birle\u015ftirir.<\/p>\n<\/li>\n<li data-start=\"2110\" data-end=\"2152\">\n<p data-start=\"2112\" data-end=\"2152\">Ya\u011f ve ba\u011f dokuda derin \u0131s\u0131nma sa\u011flar.<\/p>\n<\/li>\n<li data-start=\"2153\" data-end=\"2245\">\n<p data-start=\"2155\" data-end=\"2245\">Kolajen ve elastin \u00fcretimini art\u0131rarak v\u00fccut hacmini azalt\u0131r, cilt dokusunu iyile\u015ftirir.<\/p>\n<\/li>\n<li data-start=\"2246\" data-end=\"2292\">\n<p data-start=\"2248\" data-end=\"2292\">Kare ve yuvarlak u\u00e7 se\u00e7enekleri mevcuttur.<\/p>\n<\/li>\n<\/ul>\n<p data-start=\"2299\" data-end=\"2334\"><strong data-start=\"2303\" data-end=\"2332\">K\u00fc\u00e7\u00fck \u00c7ene ve Y\u00fcz Ba\u015fl\u0131\u011f\u0131<\/strong><\/p>\n<ul data-start=\"2335\" data-end=\"2484\">\n<li data-start=\"2335\" data-end=\"2393\">\n<p data-start=\"2337\" data-end=\"2393\">RF teknolojisiyle kolajen ve elastin \u00fcretimini uyar\u0131r.<\/p>\n<\/li>\n<li data-start=\"2394\" data-end=\"2484\">\n<p data-start=\"2396\" data-end=\"2484\">Y\u00fcz b\u00f6lgesinde s\u0131k\u0131la\u015fma, toparlanma ve parlakl\u0131k sa\u011flar.<br data-start=\"2453\" data-end=\"2456\" \/><strong data-start=\"2456\" data-end=\"2482\">\u00dc\u00e7 farkl\u0131 u\u00e7 se\u00e7ene\u011fi:<\/strong><\/p>\n<\/li>\n<\/ul>\n<ol data-start=\"2485\" data-end=\"2542\">\n<li data-start=\"2485\" data-end=\"2502\">\n<p data-start=\"2488\" data-end=\"2502\">\u00c7ene b\u00f6lgesi<\/p>\n<\/li>\n<li data-start=\"2503\" data-end=\"2519\">\n<p data-start=\"2506\" data-end=\"2519\">G\u00f6z \u00e7evresi<\/p>\n<\/li>\n<li data-start=\"2520\" data-end=\"2542\">\n<p data-start=\"2523\" data-end=\"2542\">Genel y\u00fcz b\u00f6lgesi<\/p>\n<\/li>\n<\/ol>\n<p data-start=\"2544\" data-end=\"2560\"><strong data-start=\"2544\" data-end=\"2558\">Faydalar\u0131:<\/strong><\/p>\n<ul data-start=\"2561\" data-end=\"2760\" data-is-last-node=\"\" data-is-only-node=\"\">\n<li data-start=\"2561\" data-end=\"2601\">\n<p data-start=\"2563\" data-end=\"2601\">\u0130nce \u00e7izgi ve k\u0131r\u0131\u015f\u0131kl\u0131klar\u0131 azalt\u0131r<\/p>\n<\/li>\n<li data-start=\"2602\" data-end=\"2624\">\n<p data-start=\"2604\" data-end=\"2624\">Cildi s\u0131k\u0131la\u015ft\u0131r\u0131r<\/p>\n<\/li>\n<li data-start=\"2625\" data-end=\"2675\">\n<p data-start=\"2627\" data-end=\"2675\">Kaz aya\u011f\u0131, al\u0131n ve ka\u015f aras\u0131 \u00e7izgileri giderir<\/p>\n<\/li>\n<li data-start=\"2676\" data-end=\"2714\">\n<p data-start=\"2678\" data-end=\"2714\">Cilt tonunu dengeler ve ayd\u0131nlat\u0131r<\/p>\n<\/li>\n<li data-start=\"2715\" data-end=\"2760\" data-is-last-node=\"\">\n<p data-start=\"2717\" data-end=\"2760\" data-is-last-node=\"\">G\u00f6z alt\u0131 morluklar\u0131n\u0131 ve \u015fi\u015flikleri azalt\u0131r<\/p>\n<\/li>\n<\/ul>\n","protected":false},"excerpt":{"rendered":"<p data-start=\"0\" data-end=\"207\"><strong data-start=\"0\" data-end=\"72\">Y\u00fcz ve V\u00fccut G\u00fczelli\u011fi, Estetik Uyum ve Zindelik \u0130\u00e7in M\u00fckemmel \u00c7\u00f6z\u00fcm<\/strong><br data-start=\"72\" data-end=\"75\" \/>Bu terapi, cerrahi m\u00fcdahale gerektirmeden v\u00fccut ve y\u00fcz\u00fcn \u015fekillendirilmesini, s\u0131k\u0131la\u015ft\u0131r\u0131lmas\u0131n\u0131 ve p\u00fcr\u00fczs\u00fczle\u015ftirilmesini sa\u011flar.<\/p>\n<p data-start=\"209\" data-end=\"236\"><strong data-start=\"213\" data-end=\"234\">Etkili ve G\u00fcvenli<\/strong><\/p>\n<p data-start=\"237\" data-end=\"296\">\u0130lk seanstan itibaren g\u00f6zle g\u00f6r\u00fcl\u00fcr sonu\u00e7lar elde edilir:<\/p>\n<ul data-start=\"297\" data-end=\"366\">\n<li data-start=\"297\" data-end=\"323\">\n<p data-start=\"299\" data-end=\"323\">2 bedene kadar incelme<\/p>\n<\/li>\n<li data-start=\"324\" data-end=\"366\">\n<p data-start=\"326\" data-end=\"366\">Bel \u00e7evresinde 2,5 cm\u2019ye kadar daralma<\/p>\n<\/li>\n<\/ul>\n<p data-start=\"368\" data-end=\"396\"><strong data-start=\"372\" data-end=\"394\">Ciltte M\u00fckemmellik<\/strong><\/p>\n<p data-start=\"397\" data-end=\"477\">V-Shape terapisi; kolajen, elastin ve hyal\u00fcronik asit \u00fcretimini h\u0131zland\u0131rarak:<\/p>\n<ul data-start=\"478\" data-end=\"628\">\n<li data-start=\"478\" data-end=\"528\">\n<p data-start=\"480\" data-end=\"528\">Cans\u0131z, mat veya sarkm\u0131\u015f ciltleri canland\u0131r\u0131r,<\/p>\n<\/li>\n<li data-start=\"529\" data-end=\"571\">\n<p data-start=\"531\" data-end=\"571\">Cilde gen\u00e7lik ve parlakl\u0131k kazand\u0131r\u0131r,<\/p>\n<\/li>\n<li data-start=\"572\" data-end=\"628\">\n<p data-start=\"574\" data-end=\"628\">Ortalama %65 oran\u0131nda doku ve ton iyile\u015fmesi sa\u011flar.<\/p>\n<\/li>\n<\/ul>\n<p data-start=\"630\" data-end=\"663\"><img fetchpriority=\"high\" decoding=\"async\" class=\"alignnone size-trx_addons-thumb-portrait wp-image-892\" src=\"https:\/\/www.cosmosislaser.com.tr\/wp-content\/uploads\/2025\/11\/V-Shape2-370x493.png\" alt=\"\" width=\"370\" height=\"493\" \/><\/p>\n","protected":false},"featured_media":890,"comment_status":"open","ping_status":"closed","template":"","meta":{"inline_featured_image":false},"product_cat":[19],"product_tag":[],"class_list":{"0":"post-895","1":"product","2":"type-product","3":"status-publish","4":"has-post-thumbnail","6":"product_cat-slimming","8":"first","9":"instock","10":"taxable","11":"shipping-taxable","12":"product-type-simple"},"acf":[],"_links":{"self":[{"href":"https:\/\/www.cosmosislaser.com.tr\/tr\/wp-json\/wp\/v2\/product\/895","targetHints":{"allow":["GET"]}}],"collection":[{"href":"https:\/\/www.cosmosislaser.com.tr\/tr\/wp-json\/wp\/v2\/product"}],"about":[{"href":"https:\/\/www.cosmosislaser.com.tr\/tr\/wp-json\/wp\/v2\/types\/product"}],"replies":[{"embeddable":true,"href":"https:\/\/www.cosmosislaser.com.tr\/tr\/wp-json\/wp\/v2\/comments?post=895"}],"version-history":[{"count":2,"href":"https:\/\/www.cosmosislaser.com.tr\/tr\/wp-json\/wp\/v2\/product\/895\/revisions"}],"predecessor-version":[{"id":897,"href":"https:\/\/www.cosmosislaser.com.tr\/tr\/wp-json\/wp\/v2\/product\/895\/revisions\/897"}],"wp:featuredmedia":[{"embeddable":true,"href":"https:\/\/www.cosmosislaser.com.tr\/tr\/wp-json\/wp\/v2\/media\/890"}],"wp:attachment":[{"href":"https:\/\/www.cosmosislaser.com.tr\/tr\/wp-json\/wp\/v2\/media?parent=895"}],"wp:term":[{"taxonomy":"product_cat","embeddable":true,"href":"https:\/\/www.cosmosislaser.com.tr\/tr\/wp-json\/wp\/v2\/product_cat?post=895"},{"taxonomy":"product_tag","embeddable":true,"href":"https:\/\/www.cosmosislaser.com.tr\/tr\/wp-json\/wp\/v2\/product_tag?post=895"}],"curies":[{"name":"wp","href":"https:\/\/api.w.org\/{rel}","templated":true}]}}