{"id":910,"date":"2025-11-06T12:12:28","date_gmt":"2025-11-06T12:12:28","guid":{"rendered":"https:\/\/www.cosmosislaser.com.tr\/?post_type=product&#038;p=910"},"modified":"2025-11-06T12:31:20","modified_gmt":"2025-11-06T12:31:20","slug":"akilli-3d-dijital-yuz-cilt-analizoru","status":"publish","type":"product","link":"https:\/\/www.cosmosislaser.com.tr\/tr\/product\/akilli-3d-dijital-yuz-cilt-analizoru\/","title":{"rendered":"Ak\u0131ll\u0131 3D Dijital Y\u00fcz Cilt Analiz\u00f6r\u00fc"},"content":{"rendered":"<p data-start=\"455\" data-end=\"603\"><strong data-start=\"455\" data-end=\"477\">Kullan\u0131m Alanlar\u0131:<\/strong><br data-start=\"477\" data-end=\"480\" \/>G\u00fczellik merkezleri, kuaf\u00f6r salonlar\u0131, cilt bak\u0131m klinikleri, dermatoloji destek ekipmanlar\u0131, spa ve wellness merkezleri.<\/p>\n<p data-start=\"605\" data-end=\"778\" data-is-last-node=\"\" data-is-only-node=\"\"><strong data-start=\"605\" data-end=\"630\">Kullan\u0131m Avantajlar\u0131:<\/strong><br data-start=\"630\" data-end=\"633\" \/>Her m\u00fc\u015fteriye \u00f6zel cilt analiz raporlar\u0131 sunarak ki\u015fiselle\u015ftirilmi\u015f bak\u0131m \u00f6nerileri sa\u011flar.<br data-start=\"724\" data-end=\"727\" \/>Profesyonel ve prestijli bir hizmet deneyimi sunar.<\/p>\n","protected":false},"excerpt":{"rendered":"<p data-start=\"0\" data-end=\"235\">Geli\u015fmi\u015f <strong data-start=\"9\" data-end=\"47\">\u201cSmart Intelligent Digital Facial\u201d<\/strong> cihaz\u0131, y\u00fcz ve cilt analizini en \u00fcst d\u00fczeyde ger\u00e7ekle\u015ftiren 3D yapay zeka (AI) teknolojisiyle donat\u0131lm\u0131\u015ft\u0131r. Klinikler ve g\u00fczellik salonlar\u0131nda profesyonel kullan\u0131m i\u00e7in tasarlanm\u0131\u015ft\u0131r.<\/p>\n<p data-start=\"237\" data-end=\"453\"><strong data-start=\"237\" data-end=\"260\">3 Boyutlu Yakla\u015f\u0131m:<\/strong> Cildin y\u00fczeysel ve deri alt\u0131 yap\u0131lar\u0131n\u0131 detayl\u0131 bir \u015fekilde analiz eder.<br data-start=\"333\" data-end=\"336\" \/><strong data-start=\"336\" data-end=\"368\">Yapay Zeka (AI) Teknolojisi:<\/strong> Cilt problemlerini otomatik olarak tan\u0131mlar ve detayl\u0131 analiz raporlar\u0131 olu\u015fturur.<\/p>\n<p data-start=\"455\" data-end=\"603\">\n","protected":false},"featured_media":900,"comment_status":"open","ping_status":"closed","template":"","meta":{"inline_featured_image":false},"product_cat":[26],"product_tag":[],"class_list":{"0":"post-910","1":"product","2":"type-product","3":"status-publish","4":"has-post-thumbnail","6":"product_cat-hydra-skin-cleaning","8":"first","9":"instock","10":"taxable","11":"shipping-taxable","12":"product-type-simple"},"acf":[],"_links":{"self":[{"href":"https:\/\/www.cosmosislaser.com.tr\/tr\/wp-json\/wp\/v2\/product\/910","targetHints":{"allow":["GET"]}}],"collection":[{"href":"https:\/\/www.cosmosislaser.com.tr\/tr\/wp-json\/wp\/v2\/product"}],"about":[{"href":"https:\/\/www.cosmosislaser.com.tr\/tr\/wp-json\/wp\/v2\/types\/product"}],"replies":[{"embeddable":true,"href":"https:\/\/www.cosmosislaser.com.tr\/tr\/wp-json\/wp\/v2\/comments?post=910"}],"version-history":[{"count":2,"href":"https:\/\/www.cosmosislaser.com.tr\/tr\/wp-json\/wp\/v2\/product\/910\/revisions"}],"predecessor-version":[{"id":912,"href":"https:\/\/www.cosmosislaser.com.tr\/tr\/wp-json\/wp\/v2\/product\/910\/revisions\/912"}],"wp:featuredmedia":[{"embeddable":true,"href":"https:\/\/www.cosmosislaser.com.tr\/tr\/wp-json\/wp\/v2\/media\/900"}],"wp:attachment":[{"href":"https:\/\/www.cosmosislaser.com.tr\/tr\/wp-json\/wp\/v2\/media?parent=910"}],"wp:term":[{"taxonomy":"product_cat","embeddable":true,"href":"https:\/\/www.cosmosislaser.com.tr\/tr\/wp-json\/wp\/v2\/product_cat?post=910"},{"taxonomy":"product_tag","embeddable":true,"href":"https:\/\/www.cosmosislaser.com.tr\/tr\/wp-json\/wp\/v2\/product_tag?post=910"}],"curies":[{"name":"wp","href":"https:\/\/api.w.org\/{rel}","templated":true}]}}